{"id":163,"date":"2018-01-29T09:18:38","date_gmt":"2018-01-29T09:18:38","guid":{"rendered":"http:\/\/maco.themesawesome.com\/?page_id=163"},"modified":"2025-08-06T12:58:58","modified_gmt":"2025-08-06T12:58:58","slug":"news","status":"publish","type":"page","link":"https:\/\/kinekls.com\/?page_id=163","title":{"rendered":"News"},"content":{"rendered":"\t\t<div data-elementor-type=\"wp-post\" data-elementor-id=\"163\" class=\"elementor elementor-163\">\n\t\t\t\t\t\t<section class=\"elementor-section elementor-top-section elementor-element elementor-element-38ca5c3 elementor-section-boxed elementor-section-height-default elementor-section-height-default\" data-id=\"38ca5c3\" data-element_type=\"section\" data-settings=\"{&quot;background_background&quot;:&quot;classic&quot;,&quot;shape_divider_bottom&quot;:&quot;tilt&quot;}\">\n\t\t\t\t\t\t\t<div class=\"elementor-background-overlay\"><\/div>\n\t\t\t\t\t\t<div class=\"elementor-shape elementor-shape-bottom\" aria-hidden=\"true\" data-negative=\"false\">\n\t\t\t<svg xmlns=\"http:\/\/www.w3.org\/2000\/svg\" viewBox=\"0 0 1000 100\" preserveAspectRatio=\"none\">\n\t<path class=\"elementor-shape-fill\" d=\"M0,6V0h1000v100L0,6z\"\/>\n<\/svg>\t\t<\/div>\n\t\t\t\t\t<div class=\"elementor-container elementor-column-gap-no\">\n\t\t\t\t\t<div class=\"elementor-column elementor-col-100 elementor-top-column elementor-element elementor-element-34b8899\" data-id=\"34b8899\" data-element_type=\"column\">\n\t\t\t<div class=\"elementor-widget-wrap elementor-element-populated\">\n\t\t\t\t\t\t<div class=\"elementor-element elementor-element-143566d the-title-left elementor-widget elementor-widget-maco-head-title\" data-id=\"143566d\" data-element_type=\"widget\" data-widget_type=\"maco-head-title.default\">\n\t\t\t\t<div class=\"elementor-widget-container\">\n\t\t\t\t\t<div class=\"head-title head-title-8 text-left clearfix\">\r\n\t<h2 class=\"the-title elementor-inline-editing\" >\r\n\t\tNotre <span class=\"title-end\">equipe<\/span>\t<\/h2>\r\n\t<\/div>\r\n\t\t\t\t\t\t<\/div>\n\t\t\t\t<\/div>\n\t\t\t\t<section class=\"elementor-section elementor-inner-section elementor-element elementor-element-ac51917 elementor-section-boxed elementor-section-height-default elementor-section-height-default\" data-id=\"ac51917\" data-element_type=\"section\">\n\t\t\t\t\t\t<div class=\"elementor-container elementor-column-gap-no\">\n\t\t\t\t\t<div class=\"elementor-column elementor-col-50 elementor-inner-column elementor-element elementor-element-5ce3229\" data-id=\"5ce3229\" data-element_type=\"column\">\n\t\t\t<div class=\"elementor-widget-wrap elementor-element-populated\">\n\t\t\t\t\t\t<div class=\"elementor-element elementor-element-18983ef elementor-widget elementor-widget-maco-text\" data-id=\"18983ef\" data-element_type=\"widget\" data-widget_type=\"maco-text.default\">\n\t\t\t\t<div class=\"elementor-widget-container\">\n\t\t\t\t\t<div class=\"maco-text clearfix\">\r\n<p>Au sein de KLS, il y a une \u00e9quipe soud\u00e9e et bienveillante, anim\u00e9e par l\u2019envie d\u2019accompagner chaque patient avec \u00e9coute, expertise et \u00e9nergie. Voici les visages qui vous accueilleront et vous prendront en charge.<\/p><\/div>\t\t\t\t<\/div>\n\t\t\t\t<\/div>\n\t\t\t\t\t<\/div>\n\t\t<\/div>\n\t\t\t\t<div class=\"elementor-column elementor-col-50 elementor-inner-column elementor-element elementor-element-ae242df\" data-id=\"ae242df\" data-element_type=\"column\">\n\t\t\t<div class=\"elementor-widget-wrap\">\n\t\t\t\t\t\t\t<\/div>\n\t\t<\/div>\n\t\t\t\t\t<\/div>\n\t\t<\/section>\n\t\t\t\t\t<\/div>\n\t\t<\/div>\n\t\t\t\t\t<\/div>\n\t\t<\/section>\n\t\t<div class=\"elementor-element elementor-element-35c4086 e-flex e-con-boxed e-con e-parent\" data-id=\"35c4086\" data-element_type=\"container\">\n\t\t\t\t\t<div class=\"e-con-inner\">\n\t\t\t\t<div class=\"elementor-element elementor-element-5d34892 elementor-widget elementor-widget-image\" data-id=\"5d34892\" data-element_type=\"widget\" data-widget_type=\"image.default\">\n\t\t\t\t\t\t\t\t\t\t\t\t\t\t\t<img fetchpriority=\"high\" decoding=\"async\" width=\"231\" height=\"300\" src=\"https:\/\/kinekls.com\/wp-content\/uploads\/2025\/08\/equipe-thomas-231x300.png\" class=\"attachment-medium size-medium wp-image-1268\" alt=\"\" srcset=\"https:\/\/kinekls.com\/wp-content\/uploads\/2025\/08\/equipe-thomas-231x300.png 231w, https:\/\/kinekls.com\/wp-content\/uploads\/2025\/08\/equipe-thomas.png 370w\" sizes=\"(max-width: 231px) 100vw, 231px\" \/>\t\t\t\t\t\t\t\t\t\t\t\t\t\t\t<\/div>\n\t\t\t\t<div class=\"elementor-element elementor-element-a07bef8 elementor-widget elementor-widget-text-editor\" data-id=\"a07bef8\" data-element_type=\"widget\" data-widget_type=\"text-editor.default\">\n\t\t\t\t\t\t\t\t\t<h3>\u00a0 Thomas BULARD<\/h3><p>\u00a0 Kin\u00e9 du sport et pr\u00e9paration physique &#8211; Athletik Mouv<\/p><p>\u00a0 Podologue DE<\/p><p>\u00a0 Pr\u00e9vention et traitement des blessures en course \u00e0 pied &#8211; La clinique du coureur<\/p><p>\u00a0 Neurodynamie<\/p><p>\u00a0 Echoscopie<\/p>\t\t\t\t\t\t\t\t<\/div>\n\t\t\t\t\t<\/div>\n\t\t\t\t<\/div>\n\t\t<div class=\"elementor-element elementor-element-ef708a8 e-flex e-con-boxed e-con e-parent\" data-id=\"ef708a8\" data-element_type=\"container\">\n\t\t\t\t\t<div class=\"e-con-inner\">\n\t\t\t\t<div class=\"elementor-element elementor-element-8c587a1 elementor-widget elementor-widget-image\" data-id=\"8c587a1\" data-element_type=\"widget\" data-widget_type=\"image.default\">\n\t\t\t\t\t\t\t\t\t\t\t\t\t\t\t<img decoding=\"async\" width=\"231\" height=\"300\" src=\"https:\/\/kinekls.com\/wp-content\/uploads\/2025\/08\/equipe-charlotte-231x300.png\" class=\"attachment-medium size-medium wp-image-1263\" alt=\"\" srcset=\"https:\/\/kinekls.com\/wp-content\/uploads\/2025\/08\/equipe-charlotte-231x300.png 231w, https:\/\/kinekls.com\/wp-content\/uploads\/2025\/08\/equipe-charlotte.png 370w\" sizes=\"(max-width: 231px) 100vw, 231px\" \/>\t\t\t\t\t\t\t\t\t\t\t\t\t\t\t<\/div>\n\t\t\t\t<div class=\"elementor-element elementor-element-75b92dd elementor-widget elementor-widget-text-editor\" data-id=\"75b92dd\" data-element_type=\"widget\" data-widget_type=\"text-editor.default\">\n\t\t\t\t\t\t\t\t\t<h3>\u00a0 Charlotte LANDAIS<\/h3><p>\u00a0 Kin\u00e9 du sport &#8211; Expert KineSport<\/p><p>\u00a0 Kin\u00e9sith\u00e9rapeute \u00e9quipe de handball niveau national\u00a0<\/p><p>\u00a0 Pr\u00e9vention et traitement des blessures en course \u00e0 pied &#8211; La clinique du coureur<\/p><p>\u00a0 Recentrage \u00e9paule &#8211; CGE<\/p><p>\u00a0 R\u00e9\u00e9ducation p\u00e9rin\u00e9ale\u00a0<\/p><p>\u00a0 <span style=\"text-decoration: underline;\">Sport<\/span> : Handball, course \u00e0 pied, natation, crossfit<\/p>\t\t\t\t\t\t\t\t<\/div>\n\t\t\t\t\t<\/div>\n\t\t\t\t<\/div>\n\t\t<div class=\"elementor-element elementor-element-041ef0e e-flex e-con-boxed e-con e-parent\" data-id=\"041ef0e\" data-element_type=\"container\">\n\t\t\t\t\t<div class=\"e-con-inner\">\n\t\t\t\t<div class=\"elementor-element elementor-element-3fee8fa elementor-widget__width-initial elementor-widget elementor-widget-image\" data-id=\"3fee8fa\" data-element_type=\"widget\" data-widget_type=\"image.default\">\n\t\t\t\t\t\t\t\t\t\t\t\t\t\t\t<img decoding=\"async\" width=\"231\" height=\"300\" src=\"https:\/\/kinekls.com\/wp-content\/uploads\/2025\/08\/equipe-alban-231x300.png\" class=\"attachment-medium size-medium wp-image-1262\" alt=\"\" srcset=\"https:\/\/kinekls.com\/wp-content\/uploads\/2025\/08\/equipe-alban-231x300.png 231w, https:\/\/kinekls.com\/wp-content\/uploads\/2025\/08\/equipe-alban.png 370w\" sizes=\"(max-width: 231px) 100vw, 231px\" \/>\t\t\t\t\t\t\t\t\t\t\t\t\t\t\t<\/div>\n\t\t\t\t<div class=\"elementor-element elementor-element-6344fbd elementor-widget elementor-widget-text-editor\" data-id=\"6344fbd\" data-element_type=\"widget\" data-widget_type=\"text-editor.default\">\n\t\t\t\t\t\t\t\t\t<h3>\u00a0 Alban LASUY<\/h3><p>\u00a0 Kin\u00e9 du sport &#8211; Expert KineSport<\/p><p>\u00a0 Th\u00e9rapie manuelle &#8211; Sport ost\u00e9o &#8211;\u00a0<span style=\"font-size: 16px; letter-spacing: 0px;\">Manipulation faciale<\/span><span style=\"font-size: 16px; letter-spacing: 0px; text-align: inherit;\">\u00a0&#8211;\u00a0<\/span><span style=\"font-size: 16px; letter-spacing: 0px;\">Dry Needling<\/span><\/p><p>\u00a0 Kin\u00e9sith\u00e9rapeute PSG section f\u00e9minine jusqu&#8217;en 2017<\/p><p>\u00a0 Prise en charge individuelle de joueurs de football professionnels<\/p><p>\u00a0 Recentrage \u00e9paule &#8211; CGE<\/p><p>\u00a0 Pr\u00e9vention et traitement des blessures en course \u00e0 pied &#8211; La clinique du coureur<\/p><p>\u00a0 <span style=\"text-decoration: underline;\">Sport<\/span> : Crossfit, football, course \u00e0 pied, basket, surf, golf, tennis<\/p>\t\t\t\t\t\t\t\t<\/div>\n\t\t\t\t\t<\/div>\n\t\t\t\t<\/div>\n\t\t<div class=\"elementor-element elementor-element-fba8afe e-flex e-con-boxed e-con e-parent\" data-id=\"fba8afe\" data-element_type=\"container\">\n\t\t\t\t\t<div class=\"e-con-inner\">\n\t\t\t\t<div class=\"elementor-element elementor-element-a17bf22 elementor-widget elementor-widget-image\" data-id=\"a17bf22\" data-element_type=\"widget\" data-widget_type=\"image.default\">\n\t\t\t\t\t\t\t\t\t\t\t\t\t\t\t<img loading=\"lazy\" decoding=\"async\" width=\"231\" height=\"300\" src=\"https:\/\/kinekls.com\/wp-content\/uploads\/2025\/08\/equipe-marta-231x300.png\" class=\"attachment-medium size-medium wp-image-1267\" alt=\"\" srcset=\"https:\/\/kinekls.com\/wp-content\/uploads\/2025\/08\/equipe-marta-231x300.png 231w, https:\/\/kinekls.com\/wp-content\/uploads\/2025\/08\/equipe-marta.png 370w\" sizes=\"(max-width: 231px) 100vw, 231px\" \/>\t\t\t\t\t\t\t\t\t\t\t\t\t\t\t<\/div>\n\t\t\t\t<div class=\"elementor-element elementor-element-615bbe4 elementor-widget elementor-widget-text-editor\" data-id=\"615bbe4\" data-element_type=\"widget\" data-widget_type=\"text-editor.default\">\n\t\t\t\t\t\t\t\t\t<h3>\u00a0 Marta MARTIN-MORA<\/h3><p>\u00a0 Kin\u00e9 du sport &#8211; Expert KineSport<\/p><p>\u00a0 Pr\u00e9vention et traitement des blessures en course \u00e0 pied &#8211; La clinique du coureur<\/p><p>\u00a0 Dry Needling<\/p><p>\u00a0 R\u00e9\u00e9ducation abdominale hypopressive<\/p><p>\u00a0 <span style=\"text-decoration: underline;\">Sport<\/span> : Athl\u00e9tisme, triathlon, natation, crossfit, football, tennis, surf, pilates<\/p>\t\t\t\t\t\t\t\t<\/div>\n\t\t\t\t\t<\/div>\n\t\t\t\t<\/div>\n\t\t<div class=\"elementor-element elementor-element-f0e83ec e-flex e-con-boxed e-con e-parent\" data-id=\"f0e83ec\" data-element_type=\"container\">\n\t\t\t\t\t<div class=\"e-con-inner\">\n\t\t\t\t<div class=\"elementor-element elementor-element-f7ca765 elementor-widget__width-initial elementor-widget elementor-widget-image\" data-id=\"f7ca765\" data-element_type=\"widget\" data-widget_type=\"image.default\">\n\t\t\t\t\t\t\t\t\t\t\t\t\t\t\t<img loading=\"lazy\" decoding=\"async\" width=\"231\" height=\"300\" src=\"https:\/\/kinekls.com\/wp-content\/uploads\/2025\/08\/equipe-louis-231x300.png\" class=\"attachment-medium size-medium wp-image-1265\" alt=\"\" srcset=\"https:\/\/kinekls.com\/wp-content\/uploads\/2025\/08\/equipe-louis-231x300.png 231w, https:\/\/kinekls.com\/wp-content\/uploads\/2025\/08\/equipe-louis.png 370w\" sizes=\"(max-width: 231px) 100vw, 231px\" \/>\t\t\t\t\t\t\t\t\t\t\t\t\t\t\t<\/div>\n\t\t\t\t<div class=\"elementor-element elementor-element-d8d24e7 elementor-widget elementor-widget-text-editor\" data-id=\"d8d24e7\" data-element_type=\"widget\" data-widget_type=\"text-editor.default\">\n\t\t\t\t\t\t\t\t\t<h3>\u00a0 Louis OTTER<\/h3><p>\u00a0 Kin\u00e9 du sport &#8211; Certificat d&#8217;\u00e9tude SFMKS<\/p><p>\u00a0 Kin\u00e9sith\u00e9rapeute \u00e9quipe de handball niveau national\u00a0<\/p><p>\u00a0 <span style=\"text-decoration: underline;\">Sport<\/span> : Handball, volley, rugby<\/p>\t\t\t\t\t\t\t\t<\/div>\n\t\t\t\t\t<\/div>\n\t\t\t\t<\/div>\n\t\t<div class=\"elementor-element elementor-element-5dc4a75 e-flex e-con-boxed e-con e-parent\" data-id=\"5dc4a75\" data-element_type=\"container\">\n\t\t\t\t\t<div class=\"e-con-inner\">\n\t\t\t\t<div class=\"elementor-element elementor-element-cfbd2c5 elementor-widget__width-initial elementor-widget elementor-widget-image\" data-id=\"cfbd2c5\" data-element_type=\"widget\" data-widget_type=\"image.default\">\n\t\t\t\t\t\t\t\t\t\t\t\t\t\t\t<img loading=\"lazy\" decoding=\"async\" width=\"231\" height=\"300\" src=\"https:\/\/kinekls.com\/wp-content\/uploads\/2025\/08\/equipe-jules-231x300.png\" class=\"attachment-medium size-medium wp-image-1264\" alt=\"\" srcset=\"https:\/\/kinekls.com\/wp-content\/uploads\/2025\/08\/equipe-jules-231x300.png 231w, https:\/\/kinekls.com\/wp-content\/uploads\/2025\/08\/equipe-jules.png 370w\" sizes=\"(max-width: 231px) 100vw, 231px\" \/>\t\t\t\t\t\t\t\t\t\t\t\t\t\t\t<\/div>\n\t\t\t\t<div class=\"elementor-element elementor-element-67356e4 elementor-widget elementor-widget-text-editor\" data-id=\"67356e4\" data-element_type=\"widget\" data-widget_type=\"text-editor.default\">\n\t\t\t\t\t\t\t\t\t<h3>\u00a0 Jules RODDE<\/h3><p>\u00a0 Kin\u00e9 du sport &#8211; Expert KineSport<\/p><p>\u00a0 <span style=\"text-decoration: underline;\">Sport<\/span> : Course \u00e0 pied, triathlon<\/p>\t\t\t\t\t\t\t\t<\/div>\n\t\t\t\t\t<\/div>\n\t\t\t\t<\/div>\n\t\t<div class=\"elementor-element elementor-element-cc95546 e-flex e-con-boxed e-con e-parent\" data-id=\"cc95546\" data-element_type=\"container\">\n\t\t\t\t\t<div class=\"e-con-inner\">\n\t\t\t\t<div class=\"elementor-element elementor-element-def18df elementor-widget elementor-widget-image\" data-id=\"def18df\" data-element_type=\"widget\" data-widget_type=\"image.default\">\n\t\t\t\t\t\t\t\t\t\t\t\t\t\t\t<img decoding=\"async\" src=\"https:\/\/kinekls.com\/wp-content\/uploads\/2025\/07\/IMG_2445.jpg\" title=\"\" alt=\"\" loading=\"lazy\" \/>\t\t\t\t\t\t\t\t\t\t\t\t\t\t\t<\/div>\n\t\t\t\t<div class=\"elementor-element elementor-element-d27aa34 elementor-widget elementor-widget-image\" data-id=\"d27aa34\" data-element_type=\"widget\" data-widget_type=\"image.default\">\n\t\t\t\t\t\t\t\t\t\t\t\t\t\t\t<img decoding=\"async\" src=\"https:\/\/kinekls.com\/wp-content\/uploads\/2025\/07\/IMG_2445.jpg\" title=\"\" alt=\"\" loading=\"lazy\" \/>\t\t\t\t\t\t\t\t\t\t\t\t\t\t\t<\/div>\n\t\t\t\t<div class=\"elementor-element elementor-element-6a629a2 elementor-widget__width-initial elementor-widget elementor-widget-image\" data-id=\"6a629a2\" data-element_type=\"widget\" data-widget_type=\"image.default\">\n\t\t\t\t\t\t\t\t\t\t\t\t\t\t\t<img loading=\"lazy\" decoding=\"async\" width=\"231\" height=\"300\" src=\"https:\/\/kinekls.com\/wp-content\/uploads\/2025\/08\/equipe-marion-231x300.png\" class=\"attachment-medium size-medium wp-image-1266\" alt=\"\" srcset=\"https:\/\/kinekls.com\/wp-content\/uploads\/2025\/08\/equipe-marion-231x300.png 231w, https:\/\/kinekls.com\/wp-content\/uploads\/2025\/08\/equipe-marion.png 370w\" sizes=\"(max-width: 231px) 100vw, 231px\" \/>\t\t\t\t\t\t\t\t\t\t\t\t\t\t\t<\/div>\n\t\t\t\t<div class=\"elementor-element elementor-element-e4ce866 elementor-widget elementor-widget-text-editor\" data-id=\"e4ce866\" data-element_type=\"widget\" data-widget_type=\"text-editor.default\">\n\t\t\t\t\t\t\t\t\t<h3>\u00a0 Marion VICTOIRE<\/h3><p>\u00a0 Kin\u00e9 du sport &#8211; Certificat d&#8217;\u00e9tude SFMKS<\/p><p>\u00a0 Experte en pr\u00e9vention et traitement des blessures en course \u00e0 pied &#8211; La clinique du coureur\u00a0<\/p><p>\u00a0 Th\u00e9rapie manuelle &#8211; ITMP<\/p><p>\u00a0 Sp\u00e9cialis\u00e9e membre inf\u00e9rieur<\/p><p>\u00a0 R\u00e9\u00e9ducation p\u00e9rin\u00e9ale<\/p><p>\u00a0 <span style=\"text-decoration: underline;\">Sport<\/span> : Handball, course \u00e0 pied, trail<\/p>\t\t\t\t\t\t\t\t<\/div>\n\t\t\t\t\t<\/div>\n\t\t\t\t<\/div>\n\t\t<div class=\"elementor-element elementor-element-964b496 e-flex e-con-boxed e-con e-parent\" data-id=\"964b496\" data-element_type=\"container\">\n\t\t\t\t\t<div class=\"e-con-inner\">\n\t\t\t\t<div class=\"elementor-element elementor-element-3ec8881 elementor-widget__width-initial elementor-widget elementor-widget-image\" data-id=\"3ec8881\" data-element_type=\"widget\" data-widget_type=\"image.default\">\n\t\t\t\t\t\t\t\t\t\t\t\t\t\t\t<img loading=\"lazy\" decoding=\"async\" width=\"231\" height=\"300\" src=\"https:\/\/kinekls.com\/wp-content\/uploads\/2025\/08\/equipe-capucine-231x300.png\" class=\"attachment-medium size-medium wp-image-1309\" alt=\"\" srcset=\"https:\/\/kinekls.com\/wp-content\/uploads\/2025\/08\/equipe-capucine-231x300.png 231w, https:\/\/kinekls.com\/wp-content\/uploads\/2025\/08\/equipe-capucine.png 370w\" sizes=\"(max-width: 231px) 100vw, 231px\" \/>\t\t\t\t\t\t\t\t\t\t\t\t\t\t\t<\/div>\n\t\t\t\t<div class=\"elementor-element elementor-element-a0d967a elementor-widget elementor-widget-text-editor\" data-id=\"a0d967a\" data-element_type=\"widget\" data-widget_type=\"text-editor.default\">\n\t\t\t\t\t\t\t\t\t<h3>Capucine MORIN<\/h3><p>Osth\u00e9opathe D.O.<\/p><p>Prise en charge de douleurs musculaires ou articulaires, tendinopathies, entorses, fatigue<\/p><p>Troubles posturaux ou r\u00e9cup\u00e9ration post-effort<\/p><p><span style=\"font-size: 16px; letter-spacing: 0px;\">Suivi de l\u2019enfant et du nourrisson<\/span><\/p><p><span style=\"font-size: 16px; letter-spacing: 0px;\">Pr\u00e9vention de blessures<\/span><\/p><p>Taping et strapping fonctionnel<\/p><p><span style=\"font-size: 16px; letter-spacing: 0px; text-align: inherit;\">Sport: Tennis, Rugby, course \u00e0 pied, Basketball, sports d&#8217;hiver<\/span><\/p><p><span style=\"font-size: 16px; letter-spacing: 0px; text-align: inherit;\">\u00a0<\/span><\/p>\t\t\t\t\t\t\t\t<\/div>\n\t\t\t\t\t<\/div>\n\t\t\t\t<\/div>\n\t\t\t\t<section class=\"elementor-section elementor-top-section elementor-element elementor-element-1646fe12 elementor-section-boxed elementor-section-height-default elementor-section-height-default\" data-id=\"1646fe12\" data-element_type=\"section\" data-settings=\"{&quot;background_background&quot;:&quot;classic&quot;,&quot;shape_divider_top&quot;:&quot;tilt&quot;}\">\n\t\t\t\t\t\t\t<div class=\"elementor-background-overlay\"><\/div>\n\t\t\t\t\t\t<div class=\"elementor-shape elementor-shape-top\" aria-hidden=\"true\" data-negative=\"false\">\n\t\t\t<svg xmlns=\"http:\/\/www.w3.org\/2000\/svg\" viewBox=\"0 0 1000 100\" preserveAspectRatio=\"none\">\n\t<path class=\"elementor-shape-fill\" d=\"M0,6V0h1000v100L0,6z\"\/>\n<\/svg>\t\t<\/div>\n\t\t\t\t\t<div class=\"elementor-container elementor-column-gap-no\">\n\t\t\t\t\t<div class=\"elementor-column elementor-col-100 elementor-top-column elementor-element elementor-element-169d0514\" data-id=\"169d0514\" data-element_type=\"column\">\n\t\t\t<div class=\"elementor-widget-wrap elementor-element-populated\">\n\t\t\t\t\t\t<div class=\"elementor-element elementor-element-56ab94dd the-title-center elementor-widget elementor-widget-maco-head-title\" data-id=\"56ab94dd\" data-element_type=\"widget\" data-widget_type=\"maco-head-title.default\">\n\t\t\t\t<div class=\"elementor-widget-container\">\n\t\t\t\t\t<div class=\"head-title head-title-2 text-center clearfix\">\r\n\t<h2 class=\"the-title elementor-inline-editing\" >\r\n\t\t\t\tLancez votre suivi personnalis\u00e9\t<\/h2>\r\n<\/div>\r\n\t\t\t\t\t\t<\/div>\n\t\t\t\t<\/div>\n\t\t\t\t<div class=\"elementor-element elementor-element-2bb3e6ae the-title-center elementor-widget elementor-widget-maco-head-title\" data-id=\"2bb3e6ae\" data-element_type=\"widget\" data-widget_type=\"maco-head-title.default\">\n\t\t\t\t<div class=\"elementor-widget-container\">\n\t\t\t\t\t<div class=\"head-title head-title-2 text-center clearfix\">\r\n\t<h2 class=\"the-title elementor-inline-editing\" >\r\n\t\t\t\t\u260e\ufe0f 09 53 05 81 95\t<\/h2>\r\n<\/div>\r\n\t\t\t\t\t\t<\/div>\n\t\t\t\t<\/div>\n\t\t\t\t<div class=\"elementor-element elementor-element-492d58c7 elementor-align-center elementor-widget elementor-widget-button\" data-id=\"492d58c7\" data-element_type=\"widget\" data-widget_type=\"button.default\">\n\t\t\t\t\t\t\t\t\t\t<a class=\"elementor-button elementor-button-link elementor-size-md\" href=\"https:\/\/maco.themesawesome.com\/join-member\/\">\n\t\t\t\t\t\t<span class=\"elementor-button-content-wrapper\">\n\t\t\t\t\t\t\t\t\t<span class=\"elementor-button-text\">reservez votre seance<\/span>\n\t\t\t\t\t<\/span>\n\t\t\t\t\t<\/a>\n\t\t\t\t\t\t\t\t<\/div>\n\t\t\t\t\t<\/div>\n\t\t<\/div>\n\t\t\t\t\t<\/div>\n\t\t<\/section>\n\t\t\t\t<\/div>\n\t\t\n    <div class=\"xs_social_share_widget xs_share_url after_content \t\tmain_content  wslu-style-1 wslu-share-box-shaped wslu-fill-colored wslu-none wslu-share-horizontal wslu-theme-font-no wslu-main_content\">\n\n\t\t\n        <ul>\n\t\t\t        <\/ul>\n    <\/div> \n","protected":false},"excerpt":{"rendered":"<p>\u00a0 Thomas BULARD \u00a0 Kin\u00e9 du sport et pr\u00e9paration physique &#8211; Athletik Mouv \u00a0 Podologue DE \u00a0 Pr\u00e9vention et traitement des blessures en course \u00e0 pied &#8211; La clinique du coureur \u00a0 Neurodynamie \u00a0 Echoscopie \u00a0 Charlotte LANDAIS \u00a0 Kin\u00e9&#8230;<\/p>\n","protected":false},"author":1,"featured_media":0,"parent":0,"menu_order":0,"comment_status":"closed","ping_status":"closed","template":"template\/page-builder-template.php","meta":{"_monsterinsights_skip_tracking":false,"_monsterinsights_sitenote_active":false,"_monsterinsights_sitenote_note":"","_monsterinsights_sitenote_category":0,"postBodyCss":"","postBodyMargin":[],"postBodyPadding":[],"postBodyBackground":{"backgroundType":"classic","gradient":""},"footnotes":""},"class_list":["post-163","page","type-page","status-publish","hentry"],"acf":[],"aioseo_notices":[],"_links":{"self":[{"href":"https:\/\/kinekls.com\/index.php?rest_route=\/wp\/v2\/pages\/163","targetHints":{"allow":["GET"]}}],"collection":[{"href":"https:\/\/kinekls.com\/index.php?rest_route=\/wp\/v2\/pages"}],"about":[{"href":"https:\/\/kinekls.com\/index.php?rest_route=\/wp\/v2\/types\/page"}],"author":[{"embeddable":true,"href":"https:\/\/kinekls.com\/index.php?rest_route=\/wp\/v2\/users\/1"}],"replies":[{"embeddable":true,"href":"https:\/\/kinekls.com\/index.php?rest_route=%2Fwp%2Fv2%2Fcomments&post=163"}],"version-history":[{"count":54,"href":"https:\/\/kinekls.com\/index.php?rest_route=\/wp\/v2\/pages\/163\/revisions"}],"predecessor-version":[{"id":1331,"href":"https:\/\/kinekls.com\/index.php?rest_route=\/wp\/v2\/pages\/163\/revisions\/1331"}],"wp:attachment":[{"href":"https:\/\/kinekls.com\/index.php?rest_route=%2Fwp%2Fv2%2Fmedia&parent=163"}],"curies":[{"name":"wp","href":"https:\/\/api.w.org\/{rel}","templated":true}]}}