{"id":134,"date":"2018-01-29T08:17:24","date_gmt":"2018-01-29T08:17:24","guid":{"rendered":"http:\/\/maco.themesawesome.com\/?page_id=134"},"modified":"2025-09-14T10:55:27","modified_gmt":"2025-09-14T10:55:27","slug":"about","status":"publish","type":"page","link":"https:\/\/kinekls.com\/?page_id=134","title":{"rendered":"About"},"content":{"rendered":"\t\t<div data-elementor-type=\"wp-post\" data-elementor-id=\"134\" class=\"elementor elementor-134\">\n\t\t\t\t\t\t<section class=\"elementor-section elementor-top-section elementor-element elementor-element-abf8be9 elementor-section-height-full elementor-section-boxed elementor-section-height-default elementor-section-items-middle\" data-id=\"abf8be9\" data-element_type=\"section\" data-settings=\"{&quot;background_background&quot;:&quot;classic&quot;,&quot;shape_divider_bottom&quot;:&quot;tilt&quot;}\">\n\t\t\t\t\t\t\t<div class=\"elementor-background-overlay\"><\/div>\n\t\t\t\t\t\t<div class=\"elementor-shape elementor-shape-bottom\" aria-hidden=\"true\" data-negative=\"false\">\n\t\t\t<svg xmlns=\"http:\/\/www.w3.org\/2000\/svg\" viewBox=\"0 0 1000 100\" preserveAspectRatio=\"none\">\n\t<path class=\"elementor-shape-fill\" d=\"M0,6V0h1000v100L0,6z\"\/>\n<\/svg>\t\t<\/div>\n\t\t\t\t\t<div class=\"elementor-container elementor-column-gap-no\">\n\t\t\t\t\t<div class=\"elementor-column elementor-col-100 elementor-top-column elementor-element elementor-element-ab81291\" data-id=\"ab81291\" data-element_type=\"column\">\n\t\t\t<div class=\"elementor-widget-wrap elementor-element-populated\">\n\t\t\t\t\t\t<div class=\"elementor-element elementor-element-2512a95 the-title-left elementor-widget elementor-widget-maco-head-title\" data-id=\"2512a95\" data-element_type=\"widget\" data-widget_type=\"maco-head-title.default\">\n\t\t\t\t<div class=\"elementor-widget-container\">\n\t\t\t\t\t<div class=\"head-title head-title-8 text-left clearfix\">\r\n\t<h2 class=\"the-title elementor-inline-editing\" >\r\n\t\tA propos de <span class=\"title-end\"> nous<\/span>\t<\/h2>\r\n\t<\/div>\r\n\t\t\t\t\t\t<\/div>\n\t\t\t\t<\/div>\n\t\t\t\t<section class=\"elementor-section elementor-inner-section elementor-element elementor-element-16e0422 elementor-section-boxed elementor-section-height-default elementor-section-height-default\" data-id=\"16e0422\" data-element_type=\"section\">\n\t\t\t\t\t\t<div class=\"elementor-container elementor-column-gap-no\">\n\t\t\t\t\t<div class=\"elementor-column elementor-col-50 elementor-inner-column elementor-element elementor-element-e0f774d\" data-id=\"e0f774d\" data-element_type=\"column\">\n\t\t\t<div class=\"elementor-widget-wrap elementor-element-populated\">\n\t\t\t\t\t\t<div class=\"elementor-element elementor-element-1536ba4 elementor-widget elementor-widget-maco-text\" data-id=\"1536ba4\" data-element_type=\"widget\" data-widget_type=\"maco-text.default\">\n\t\t\t\t<div class=\"elementor-widget-container\">\n\t\t\t\t\t<div class=\"maco-text clearfix\">\r\n<p>En collaboration \u00e9troite avec votre m\u00e9decin prescripteur, nous prenons en charge l\u2019ensemble de vos pathologies musculo-squelettiques : genou, \u00e9paule, cheville, dos, hanche\u2026<\/p><p>Que vous soyez sportif.ve amateur ou athl\u00e8te confirm\u00e9.e, notre \u00e9quipe vous accompagne \u00e0 chaque \u00e9tape de votre r\u00e9\u00e9ducation.<\/p><\/div>\t\t\t\t<\/div>\n\t\t\t\t<\/div>\n\t\t\t\t\t<\/div>\n\t\t<\/div>\n\t\t\t\t<div class=\"elementor-column elementor-col-50 elementor-inner-column elementor-element elementor-element-2f774ac\" data-id=\"2f774ac\" data-element_type=\"column\">\n\t\t\t<div class=\"elementor-widget-wrap\">\n\t\t\t\t\t\t\t<\/div>\n\t\t<\/div>\n\t\t\t\t\t<\/div>\n\t\t<\/section>\n\t\t\t\t\t<\/div>\n\t\t<\/div>\n\t\t\t\t\t<\/div>\n\t\t<\/section>\n\t\t\t\t<section class=\"elementor-section elementor-top-section elementor-element elementor-element-11098c4 elementor-section-boxed elementor-section-height-default elementor-section-height-default\" data-id=\"11098c4\" data-element_type=\"section\">\n\t\t\t\t\t\t<div class=\"elementor-container elementor-column-gap-no\">\n\t\t\t\t\t<div class=\"elementor-column elementor-col-50 elementor-top-column elementor-element elementor-element-b4790f0\" data-id=\"b4790f0\" data-element_type=\"column\">\n\t\t\t<div class=\"elementor-widget-wrap elementor-element-populated\">\n\t\t\t\t\t\t<div class=\"elementor-element elementor-element-016c896 elementor-widget elementor-widget-image\" data-id=\"016c896\" data-element_type=\"widget\" data-widget_type=\"image.default\">\n\t\t\t\t\t\t\t\t\t\t\t\t\t\t\t<img fetchpriority=\"high\" decoding=\"async\" width=\"768\" height=\"1024\" src=\"https:\/\/kinekls.com\/wp-content\/uploads\/2025\/08\/IMG_3420-768x1024.jpg\" class=\"attachment-large size-large wp-image-1290\" alt=\"\" srcset=\"https:\/\/kinekls.com\/wp-content\/uploads\/2025\/08\/IMG_3420-768x1024.jpg 768w, https:\/\/kinekls.com\/wp-content\/uploads\/2025\/08\/IMG_3420-225x300.jpg 225w, https:\/\/kinekls.com\/wp-content\/uploads\/2025\/08\/IMG_3420-1152x1536.jpg 1152w, https:\/\/kinekls.com\/wp-content\/uploads\/2025\/08\/IMG_3420-1536x2048.jpg 1536w, https:\/\/kinekls.com\/wp-content\/uploads\/2025\/08\/IMG_3420-scaled.jpg 1920w\" sizes=\"(max-width: 768px) 100vw, 768px\" \/>\t\t\t\t\t\t\t\t\t\t\t\t\t\t\t<\/div>\n\t\t\t\t\t<\/div>\n\t\t<\/div>\n\t\t\t\t<div class=\"elementor-column elementor-col-50 elementor-top-column elementor-element elementor-element-26b9c18\" data-id=\"26b9c18\" data-element_type=\"column\">\n\t\t\t<div class=\"elementor-widget-wrap elementor-element-populated\">\n\t\t\t\t\t\t<div class=\"elementor-element elementor-element-6afebec the-title-left elementor-widget elementor-widget-maco-head-title\" data-id=\"6afebec\" data-element_type=\"widget\" data-widget_type=\"maco-head-title.default\">\n\t\t\t\t<div class=\"elementor-widget-container\">\n\t\t\t\t\t<div class=\"head-title head-title-8 text-left clearfix\">\r\n\t<h2 class=\"the-title elementor-inline-editing\" >\r\n\t\tChez KLS,\t<\/h2>\r\n\t<\/div>\r\n\t\t\t\t\t\t<\/div>\n\t\t\t\t<\/div>\n\t\t\t\t<div class=\"elementor-element elementor-element-0e5a116 elementor-widget elementor-widget-maco-text\" data-id=\"0e5a116\" data-element_type=\"widget\" data-widget_type=\"maco-text.default\">\n\t\t\t\t<div class=\"elementor-widget-container\">\n\t\t\t\t\t<div class=\"maco-text clearfix\">\r\n<p>Notre approche va bien au-del\u00e0 du simple traitement des blessures. Chaque prise en charge est <strong data-start=\"549\" data-end=\"567\">individualis\u00e9e<\/strong>, en int\u00e9grant les contraintes sp\u00e9cifiques de votre discipline, de votre calendrier sportif\/professionnel, et de vos objectifs \u00e0 court et long terme.<\/p><p>Nous mettons l\u2019accent sur :<\/p><\/div>\t\t\t\t<\/div>\n\t\t\t\t<\/div>\n\t\t\t\t<div class=\"elementor-element elementor-element-393b2e4 elementor-position-left elementor-view-default elementor-mobile-position-top elementor-vertical-align-top elementor-widget elementor-widget-icon-box\" data-id=\"393b2e4\" data-element_type=\"widget\" data-widget_type=\"icon-box.default\">\n\t\t\t\t\t\t\t<div class=\"elementor-icon-box-wrapper\">\n\n\t\t\t\t\t\t<div class=\"elementor-icon-box-icon\">\n\t\t\t\t<span  class=\"elementor-icon\">\n\t\t\t\t<svg aria-hidden=\"true\" class=\"e-font-icon-svg e-fas-check\" viewBox=\"0 0 512 512\" xmlns=\"http:\/\/www.w3.org\/2000\/svg\"><path d=\"M173.898 439.404l-166.4-166.4c-9.997-9.997-9.997-26.206 0-36.204l36.203-36.204c9.997-9.998 26.207-9.998 36.204 0L192 312.69 432.095 72.596c9.997-9.997 26.207-9.997 36.204 0l36.203 36.204c9.997 9.997 9.997 26.206 0 36.204l-294.4 294.401c-9.998 9.997-26.207 9.997-36.204-.001z\"><\/path><\/svg>\t\t\t\t<\/span>\n\t\t\t<\/div>\n\t\t\t\n\t\t\t\t\t\t<div class=\"elementor-icon-box-content\">\n\n\t\t\t\t\t\t\t\t\t<h3 class=\"elementor-icon-box-title\">\n\t\t\t\t\t\t<span  >\n\t\t\t\t\t\t\tR\u00e9\u00e9ducation fonctionnelle et sp\u00e9cifique \u00e0 votre sport\t\t\t\t\t\t<\/span>\n\t\t\t\t\t<\/h3>\n\t\t\t\t\n\t\t\t\t\t\t\t\t\t<p class=\"elementor-icon-box-description\">\n\t\t\t\t\t\tAvec des protocoles \u00e9volutifs et adapt\u00e9s \u00e0 votre niveau de pratique\t\t\t\t\t<\/p>\n\t\t\t\t\n\t\t\t<\/div>\n\t\t\t\n\t\t<\/div>\n\t\t\t\t\t\t<\/div>\n\t\t\t\t<div class=\"elementor-element elementor-element-815d93d elementor-position-left elementor-view-default elementor-mobile-position-top elementor-vertical-align-top elementor-widget elementor-widget-icon-box\" data-id=\"815d93d\" data-element_type=\"widget\" data-widget_type=\"icon-box.default\">\n\t\t\t\t\t\t\t<div class=\"elementor-icon-box-wrapper\">\n\n\t\t\t\t\t\t<div class=\"elementor-icon-box-icon\">\n\t\t\t\t<span  class=\"elementor-icon\">\n\t\t\t\t<svg aria-hidden=\"true\" class=\"e-font-icon-svg e-fas-check\" viewBox=\"0 0 512 512\" xmlns=\"http:\/\/www.w3.org\/2000\/svg\"><path d=\"M173.898 439.404l-166.4-166.4c-9.997-9.997-9.997-26.206 0-36.204l36.203-36.204c9.997-9.998 26.207-9.998 36.204 0L192 312.69 432.095 72.596c9.997-9.997 26.207-9.997 36.204 0l36.203 36.204c9.997 9.997 9.997 26.206 0 36.204l-294.4 294.401c-9.998 9.997-26.207 9.997-36.204-.001z\"><\/path><\/svg>\t\t\t\t<\/span>\n\t\t\t<\/div>\n\t\t\t\n\t\t\t\t\t\t<div class=\"elementor-icon-box-content\">\n\n\t\t\t\t\t\t\t\t\t<h3 class=\"elementor-icon-box-title\">\n\t\t\t\t\t\t<span  >\n\t\t\t\t\t\t\tPr\u00e9vention des blessures et gestion de la charge d'entra\u00eenement\t\t\t\t\t\t<\/span>\n\t\t\t\t\t<\/h3>\n\t\t\t\t\n\t\t\t\t\t\t\t\t\t<p class=\"elementor-icon-box-description\">\n\t\t\t\t\t\tPour limiter les arr\u00eats et optimiser la long\u00e9vit\u00e9 sportive\t\t\t\t\t<\/p>\n\t\t\t\t\n\t\t\t<\/div>\n\t\t\t\n\t\t<\/div>\n\t\t\t\t\t\t<\/div>\n\t\t\t\t<div class=\"elementor-element elementor-element-cd0da23 elementor-position-left elementor-view-default elementor-mobile-position-top elementor-vertical-align-top elementor-widget elementor-widget-icon-box\" data-id=\"cd0da23\" data-element_type=\"widget\" data-widget_type=\"icon-box.default\">\n\t\t\t\t\t\t\t<div class=\"elementor-icon-box-wrapper\">\n\n\t\t\t\t\t\t<div class=\"elementor-icon-box-icon\">\n\t\t\t\t<span  class=\"elementor-icon\">\n\t\t\t\t<svg aria-hidden=\"true\" class=\"e-font-icon-svg e-fas-check\" viewBox=\"0 0 512 512\" xmlns=\"http:\/\/www.w3.org\/2000\/svg\"><path d=\"M173.898 439.404l-166.4-166.4c-9.997-9.997-9.997-26.206 0-36.204l36.203-36.204c9.997-9.998 26.207-9.998 36.204 0L192 312.69 432.095 72.596c9.997-9.997 26.207-9.997 36.204 0l36.203 36.204c9.997 9.997 9.997 26.206 0 36.204l-294.4 294.401c-9.998 9.997-26.207 9.997-36.204-.001z\"><\/path><\/svg>\t\t\t\t<\/span>\n\t\t\t<\/div>\n\t\t\t\n\t\t\t\t\t\t<div class=\"elementor-icon-box-content\">\n\n\t\t\t\t\t\t\t\t\t<h3 class=\"elementor-icon-box-title\">\n\t\t\t\t\t\t<span  >\n\t\t\t\t\t\t\tPr\u00e9paration physique cibl\u00e9e\t\t\t\t\t\t<\/span>\n\t\t\t\t\t<\/h3>\n\t\t\t\t\n\t\t\t\t\t\t\t\t\t<p class=\"elementor-icon-box-description\">\n\t\t\t\t\t\tEn lien avec vos objectifs de performance, de r\u00e9cup\u00e9ration et de retour \u00e0 la comp\u00e9tition\t\t\t\t\t<\/p>\n\t\t\t\t\n\t\t\t<\/div>\n\t\t\t\n\t\t<\/div>\n\t\t\t\t\t\t<\/div>\n\t\t\t\t<div class=\"elementor-element elementor-element-40f0bab elementor-position-left elementor-view-default elementor-mobile-position-top elementor-vertical-align-top elementor-widget elementor-widget-icon-box\" data-id=\"40f0bab\" data-element_type=\"widget\" data-widget_type=\"icon-box.default\">\n\t\t\t\t\t\t\t<div class=\"elementor-icon-box-wrapper\">\n\n\t\t\t\t\t\t<div class=\"elementor-icon-box-icon\">\n\t\t\t\t<span  class=\"elementor-icon\">\n\t\t\t\t<svg aria-hidden=\"true\" class=\"e-font-icon-svg e-fas-check\" viewBox=\"0 0 512 512\" xmlns=\"http:\/\/www.w3.org\/2000\/svg\"><path d=\"M173.898 439.404l-166.4-166.4c-9.997-9.997-9.997-26.206 0-36.204l36.203-36.204c9.997-9.998 26.207-9.998 36.204 0L192 312.69 432.095 72.596c9.997-9.997 26.207-9.997 36.204 0l36.203 36.204c9.997 9.997 9.997 26.206 0 36.204l-294.4 294.401c-9.998 9.997-26.207 9.997-36.204-.001z\"><\/path><\/svg>\t\t\t\t<\/span>\n\t\t\t<\/div>\n\t\t\t\n\t\t\t\t\t\t<div class=\"elementor-icon-box-content\">\n\n\t\t\t\t\t\t\t\t\t<h3 class=\"elementor-icon-box-title\">\n\t\t\t\t\t\t<span  >\n\t\t\t\t\t\t\tAccompagnement global \t\t\t\t\t\t<\/span>\n\t\t\t\t\t<\/h3>\n\t\t\t\t\n\t\t\t\t\t\t\t\t\t<p class=\"elementor-icon-box-description\">\n\t\t\t\t\t\tR\u00e9athl\u00e9tisation, r\u00e9cup\u00e9ration, renforcement post-l\u00e9sionnel, analyse du geste sportif\t\t\t\t\t<\/p>\n\t\t\t\t\n\t\t\t<\/div>\n\t\t\t\n\t\t<\/div>\n\t\t\t\t\t\t<\/div>\n\t\t\t\t\t<\/div>\n\t\t<\/div>\n\t\t\t\t\t<\/div>\n\t\t<\/section>\n\t\t\t\t<section class=\"elementor-section elementor-top-section elementor-element elementor-element-e6f96f0 elementor-section-boxed elementor-section-height-default elementor-section-height-default\" data-id=\"e6f96f0\" data-element_type=\"section\" data-settings=\"{&quot;background_background&quot;:&quot;classic&quot;}\">\n\t\t\t\t\t\t\t<div class=\"elementor-background-overlay\"><\/div>\n\t\t\t\t\t\t\t<div class=\"elementor-container elementor-column-gap-no\">\n\t\t\t\t\t<div class=\"elementor-column elementor-col-100 elementor-top-column elementor-element elementor-element-8614336\" data-id=\"8614336\" data-element_type=\"column\">\n\t\t\t<div class=\"elementor-widget-wrap elementor-element-populated\">\n\t\t\t\t\t\t<div class=\"elementor-element elementor-element-e0d93a0 elementor-widget elementor-widget-maco-text\" data-id=\"e0d93a0\" data-element_type=\"widget\" data-widget_type=\"maco-text.default\">\n\t\t\t\t<div class=\"elementor-widget-container\">\n\t\t\t\t\t<div class=\"maco-text clearfix\">\r\n<p>Notre <span style=\"text-decoration: underline;\">plateau technique<\/span> permet un travail pr\u00e9cis et avanc\u00e9 sur les capacit\u00e9s physiques n\u00e9cessaires \u00e0 votre discipline : explosivit\u00e9, proprioception, mobilit\u00e9, endurance musculaire, etc.<\/p><p data-start=\"1586\" data-end=\"1723\">Pour <span style=\"text-decoration: underline;\">renforcer<\/span> l'efficacit\u00e9 de nos <span style=\"text-decoration: underline;\">soins manuels<\/span>, nous utilisons des \u00e9quipements reconnus dans le domaine de la kin\u00e9sith\u00e9rapie et du sport :<\/p><ul><li data-start=\"1727\" data-end=\"1783\">Huber, Winback, Ondes de choc, Hypervolt, BFR Training,\u00a0Dynamom\u00e8tre VALD pour la r\u00e9\u00e9ducation sportive<\/li><li data-start=\"1727\" data-end=\"1783\">Ph\u00e9nix pour la r\u00e9\u00e9ducation p\u00e9rin\u00e9ale<\/li><li data-start=\"1950\" data-end=\"2019\">LPG Cellu M6 pour l\u2019esth\u00e9tique, la r\u00e9cup\u00e9ration et les cicatrices<\/li><\/ul><p data-start=\"1493\" data-end=\"1747\">Notre \u00e9quipe est passionn\u00e9e, \u00e0 l\u2019\u00e9coute, et attach\u00e9e \u00e0 une prise en charge fond\u00e9e sur des pratiques valid\u00e9es scientifiquement. Pour cela, nos praticiens se forment r\u00e9guli\u00e8rement aux approches les plus efficaces en kin\u00e9sith\u00e9rapie du sport, notamment : Kin\u00e9Sport, M\u00e9thode McKenzie, La Clinique du Coureur, Scraping, Cupping, Dry Needling, Fasciath\u00e9rapie, Th\u00e9rapie manuelle<\/p><p data-start=\"1883\" data-end=\"2046\">Que votre objectif soit la r\u00e9\u00e9ducation, la pr\u00e9vention, la performance ou le bien-\u00eatre, nous vous proposons une approche <strong>compl\u00e8te<\/strong>, <strong>personnalis\u00e9e<\/strong> et <strong>encadr\u00e9e<\/strong>.<\/p><p data-start=\"2048\" data-end=\"2162\">\ud83d\udc49 Pour toute information ou prise de rendez-vous, n\u2019h\u00e9sitez pas \u00e0 nous contacter. <strong>Nous sommes \u00e0 votre \u00e9coute.<\/strong><\/p><\/div>\t\t\t\t<\/div>\n\t\t\t\t<\/div>\n\t\t\t\t\t<\/div>\n\t\t<\/div>\n\t\t\t\t\t<\/div>\n\t\t<\/section>\n\t\t\t\t<section class=\"elementor-section elementor-top-section elementor-element elementor-element-5b3e037 elementor-section-boxed elementor-section-height-default elementor-section-height-default\" data-id=\"5b3e037\" data-element_type=\"section\">\n\t\t\t\t\t\t<div class=\"elementor-container elementor-column-gap-no\">\n\t\t\t\t\t<div class=\"elementor-column elementor-col-100 elementor-top-column elementor-element elementor-element-750bd97\" data-id=\"750bd97\" data-element_type=\"column\">\n\t\t\t<div class=\"elementor-widget-wrap\">\n\t\t\t\t\t\t\t<\/div>\n\t\t<\/div>\n\t\t\t\t\t<\/div>\n\t\t<\/section>\n\t\t\t\t<section class=\"elementor-section elementor-top-section elementor-element elementor-element-57c91d90 elementor-section-boxed elementor-section-height-default elementor-section-height-default\" data-id=\"57c91d90\" data-element_type=\"section\" data-settings=\"{&quot;background_background&quot;:&quot;classic&quot;,&quot;shape_divider_top&quot;:&quot;tilt&quot;,&quot;shape_divider_bottom&quot;:&quot;tilt&quot;}\">\n\t\t\t\t\t\t\t<div class=\"elementor-background-overlay\"><\/div>\n\t\t\t\t\t\t<div class=\"elementor-shape elementor-shape-top\" aria-hidden=\"true\" data-negative=\"false\">\n\t\t\t<svg xmlns=\"http:\/\/www.w3.org\/2000\/svg\" viewBox=\"0 0 1000 100\" preserveAspectRatio=\"none\">\n\t<path class=\"elementor-shape-fill\" d=\"M0,6V0h1000v100L0,6z\"\/>\n<\/svg>\t\t<\/div>\n\t\t\t\t<div class=\"elementor-shape elementor-shape-bottom\" aria-hidden=\"true\" data-negative=\"false\">\n\t\t\t<svg xmlns=\"http:\/\/www.w3.org\/2000\/svg\" viewBox=\"0 0 1000 100\" preserveAspectRatio=\"none\">\n\t<path class=\"elementor-shape-fill\" d=\"M0,6V0h1000v100L0,6z\"\/>\n<\/svg>\t\t<\/div>\n\t\t\t\t\t<div class=\"elementor-container elementor-column-gap-no\">\n\t\t\t\t\t<div class=\"elementor-column elementor-col-100 elementor-top-column elementor-element elementor-element-64437c9b\" data-id=\"64437c9b\" data-element_type=\"column\">\n\t\t\t<div class=\"elementor-widget-wrap elementor-element-populated\">\n\t\t\t\t\t\t<div class=\"elementor-element elementor-element-1d4fd40a the-title-center elementor-widget elementor-widget-maco-head-title\" data-id=\"1d4fd40a\" data-element_type=\"widget\" data-widget_type=\"maco-head-title.default\">\n\t\t\t\t<div class=\"elementor-widget-container\">\n\t\t\t\t\t<div class=\"head-title head-title-2 text-center clearfix\">\r\n\t<h2 class=\"the-title elementor-inline-editing\" >\r\n\t\t\t\tLancez votre suivi personnalis\u00e9\t<\/h2>\r\n<\/div>\r\n\t\t\t\t\t\t<\/div>\n\t\t\t\t<\/div>\n\t\t\t\t<div class=\"elementor-element elementor-element-393834e4 the-title-center elementor-widget elementor-widget-maco-head-title\" data-id=\"393834e4\" data-element_type=\"widget\" data-widget_type=\"maco-head-title.default\">\n\t\t\t\t<div class=\"elementor-widget-container\">\n\t\t\t\t\t<div class=\"head-title head-title-2 text-center clearfix\">\r\n\t<h2 class=\"the-title elementor-inline-editing\" >\r\n\t\t\t\t\u260e\ufe0f 09 53 05 81 95\t<\/h2>\r\n<\/div>\r\n\t\t\t\t\t\t<\/div>\n\t\t\t\t<\/div>\n\t\t\t\t<div class=\"elementor-element elementor-element-3b793a15 elementor-align-center elementor-mobile-align-center elementor-widget elementor-widget-button\" data-id=\"3b793a15\" data-element_type=\"widget\" data-widget_type=\"button.default\">\n\t\t\t\t\t\t\t\t\t\t<a class=\"elementor-button elementor-button-link elementor-size-md\" href=\"https:\/\/www.doctolib.fr\/cabinet-paramedical\/paris\/cabinet-kine-louvre-kls-paris\">\n\t\t\t\t\t\t<span class=\"elementor-button-content-wrapper\">\n\t\t\t\t\t\t\t\t\t<span class=\"elementor-button-text\">R\u00e9servez votre seance<\/span>\n\t\t\t\t\t<\/span>\n\t\t\t\t\t<\/a>\n\t\t\t\t\t\t\t\t<\/div>\n\t\t\t\t\t<\/div>\n\t\t<\/div>\n\t\t\t\t\t<\/div>\n\t\t<\/section>\n\t\t\t\t<section class=\"elementor-section elementor-top-section elementor-element elementor-element-11fb1ddb elementor-section-boxed elementor-section-height-default elementor-section-height-default\" data-id=\"11fb1ddb\" data-element_type=\"section\">\n\t\t\t\t\t\t<div class=\"elementor-container elementor-column-gap-no\">\n\t\t\t\t\t<div class=\"elementor-column elementor-col-100 elementor-top-column elementor-element elementor-element-2a626d20\" data-id=\"2a626d20\" data-element_type=\"column\">\n\t\t\t<div class=\"elementor-widget-wrap elementor-element-populated\">\n\t\t\t\t\t\t<div class=\"elementor-element elementor-element-eba493e slide-autoplay-use slide-loop-use elementor-widget elementor-widget-maco-testimonial-block\" data-id=\"eba493e\" data-element_type=\"widget\" data-widget_type=\"maco-testimonial-block.default\">\n\t\t\t\t<div class=\"elementor-widget-container\">\n\t\t\t\t\t<div class=\"testimonial-wrap carousel-container clearfix\">\r\n\t<div class=\"carousel-wrapper testimonial-inner-content owl-carousel owl-theme\">\r\n\r\n\t\r\n\t<div class=\"carousel-slide testimonial-content\">\r\n\t\t<p>Habitu\u00e9 aux kin\u00e9s depuis des ann\u00e9es, j'ai trouv\u00e9 chez Kin\u00e9 Louvre les meilleurs kin\u00e9s que j'ai rencontr\u00e9. A l'\u00e9coute, suivi personnalis\u00e9, \u00e9quipement au top et la chance de pouvoir travailler avec plusieurs kin\u00e9s. Je ne connais pas mieux sur Paris.<\/p>\r\n\r\n\t\t<div class=\"testimonial-details clearfix\">\r\n\r\n\t\t\t<div class=\"testimonial-image\">\r\n\t\t\t\t<img decoding=\"async\" src=\"https:\/\/kinekls.com\/wp-content\/themes\/maco\/img\/thumb-testi.jpg\" alt=\"Mustafa\">\r\n\t\t\t<\/div>\r\n\r\n\t\t\t<div class=\"testimonial-detail-inner\">\r\n\t\t\t<h5 class=\"testi-author\">Mustafa<\/h5>\r\n\t\t\t\t\t\t<\/div>\r\n\t\t<\/div>\r\n\t\r\n\t<\/div>\r\n\r\n\t\r\n\t<div class=\"carousel-slide testimonial-content\">\r\n\t\t<p>Je travaille dans le milieu de la danse et depuis que je connais ce cabinet je le recommande \u00e0 tout le monde, une adresse en or pour moi pour remettre les corps sur pied sur de long terme et avec de bons conseils a garder !<\/p>\r\n\r\n\t\t<div class=\"testimonial-details clearfix\">\r\n\r\n\t\t\t<div class=\"testimonial-image\">\r\n\t\t\t\t<img decoding=\"async\" src=\"https:\/\/kinekls.com\/wp-content\/themes\/maco\/img\/thumb-testi.jpg\" alt=\"Sabrina\">\r\n\t\t\t<\/div>\r\n\r\n\t\t\t<div class=\"testimonial-detail-inner\">\r\n\t\t\t<h5 class=\"testi-author\">Sabrina<\/h5>\r\n\t\t\t\t\t\t<\/div>\r\n\t\t<\/div>\r\n\t\r\n\t<\/div>\r\n\r\n\t\r\n\t<div class=\"carousel-slide testimonial-content\">\r\n\t\t<p>Une dizaine de s\u00e9ance effectu\u00e9es : rien \u00e0 dire, tout est top. Accueil super. Suivi du dossier patient excellent (meme quand on fait des s\u00e9ances avec des kin\u00e9sith\u00e9rapeutes diff\u00e9rents). Super conseils et un programme vraiment personnalis\u00e9 pour une remise en forme totale ! Cabinet recommand\u00e9 \u00e0 200% !<\/p>\r\n\r\n\t\t<div class=\"testimonial-details clearfix\">\r\n\r\n\t\t\t<div class=\"testimonial-image\">\r\n\t\t\t\t<img decoding=\"async\" src=\"https:\/\/kinekls.com\/wp-content\/themes\/maco\/img\/thumb-testi.jpg\" alt=\"Hugo\">\r\n\t\t\t<\/div>\r\n\r\n\t\t\t<div class=\"testimonial-detail-inner\">\r\n\t\t\t<h5 class=\"testi-author\">Hugo<\/h5>\r\n\t\t\t\t\t\t<\/div>\r\n\t\t<\/div>\r\n\t\r\n\t<\/div>\r\n\r\n\t\r\n\t<div class=\"carousel-slide testimonial-content\">\r\n\t\t<p>Excellent !\nSyndrome rotulien gu\u00e9rit en 2 mois \ud83d\ude42\nTr\u00e8s bon programme, tr\u00e8s bon conseil, \u00e0 l'\u00e9coute ! Je suis plus que ravie de ce cabinet.\nHoraire parfait si vous avez des gros horaires\nLe r\u00e9sultat est incroyable\nJe recommande vivement<\/p>\r\n\r\n\t\t<div class=\"testimonial-details clearfix\">\r\n\r\n\t\t\t<div class=\"testimonial-image\">\r\n\t\t\t\t<img decoding=\"async\" src=\"https:\/\/kinekls.com\/wp-content\/themes\/maco\/img\/thumb-testi.jpg\" alt=\"Margaux\">\r\n\t\t\t<\/div>\r\n\r\n\t\t\t<div class=\"testimonial-detail-inner\">\r\n\t\t\t<h5 class=\"testi-author\">Margaux<\/h5>\r\n\t\t\t\t\t\t<\/div>\r\n\t\t<\/div>\r\n\t\r\n\t<\/div>\r\n\r\n\t\r\n\t<\/div>\r\n\r\n\t\t\t<!-- Add Pagination -->\r\n\t\t<div class=\"testi-dot owl-dots carousel-pagination\"><\/div>\r\n\t\t<\/div>\r\n\r\n<script type=\"text\/javascript\">\r\n(function($) {\r\n\t'use strict';\r\n\t$(document).ready(function() {\r\n\t\t$('.testimonial-wrap .owl-carousel').owlCarousel({\r\n\t\t\t\t\t\t\tdots: true,\r\n\t\t\t\tnav:false,\r\n\t\t\t\tdotsContainer: '.testi-dot',\r\n\t\t\t\tdotsClass: 'owl-dots',\r\n\t\t\t\t\t\t\tmargin: 0,\r\n\t\t\t\t\t\t\tautoplay: true,\r\n\t\t\t\tautoplaySpeed: 2500,\r\n\t\t\t\tautoplayHoverPause: true,\r\n\t\t\t\t\t\t\t\t\t\tloop: true,\r\n\t\t\t\t\t\t\tresponsive:{\r\n\t\t\t\t0:{\r\n\t\t\t\t\titems:1\t\t\t\t},\r\n\t\t\t\t768:{\r\n\t\t\t\t\titems:1\t\t\t\t},\r\n\t\t\t\t1025:{\r\n\t\t\t\t\titems:1\t\t\t\t}\r\n\t\t\t},\r\n\t\t\t\t\t});\r\n\t});\r\n})( jQuery );\r\n<\/script>\r\n\t\t\t\t\t\t<\/div>\n\t\t\t\t<\/div>\n\t\t\t\t\t<\/div>\n\t\t<\/div>\n\t\t\t\t\t<\/div>\n\t\t<\/section>\n\t\t\t\t<\/div>\n\t\t\n    <div class=\"xs_social_share_widget xs_share_url after_content \t\tmain_content  wslu-style-1 wslu-share-box-shaped wslu-fill-colored wslu-none wslu-share-horizontal wslu-theme-font-no wslu-main_content\">\n\n\t\t\n        <ul>\n\t\t\t        <\/ul>\n    <\/div> \n","protected":false},"excerpt":{"rendered":"<p>R\u00e9\u00e9ducation fonctionnelle et sp\u00e9cifique \u00e0 votre sport Avec des protocoles \u00e9volutifs et adapt\u00e9s \u00e0 votre niveau de pratique Pr\u00e9vention des blessures et gestion de la charge d&#8217;entra\u00eenement Pour limiter les arr\u00eats et optimiser la long\u00e9vit\u00e9 sportive Pr\u00e9paration physique cibl\u00e9e En&#8230;<\/p>\n","protected":false},"author":1,"featured_media":0,"parent":0,"menu_order":0,"comment_status":"closed","ping_status":"closed","template":"template\/page-builder-template.php","meta":{"_monsterinsights_skip_tracking":false,"_monsterinsights_sitenote_active":false,"_monsterinsights_sitenote_note":"","_monsterinsights_sitenote_category":0,"postBodyCss":"","postBodyMargin":[],"postBodyPadding":[],"postBodyBackground":{"backgroundType":"classic","gradient":""},"footnotes":""},"class_list":["post-134","page","type-page","status-publish","hentry"],"acf":[],"aioseo_notices":[],"_links":{"self":[{"href":"https:\/\/kinekls.com\/index.php?rest_route=\/wp\/v2\/pages\/134","targetHints":{"allow":["GET"]}}],"collection":[{"href":"https:\/\/kinekls.com\/index.php?rest_route=\/wp\/v2\/pages"}],"about":[{"href":"https:\/\/kinekls.com\/index.php?rest_route=\/wp\/v2\/types\/page"}],"author":[{"embeddable":true,"href":"https:\/\/kinekls.com\/index.php?rest_route=\/wp\/v2\/users\/1"}],"replies":[{"embeddable":true,"href":"https:\/\/kinekls.com\/index.php?rest_route=%2Fwp%2Fv2%2Fcomments&post=134"}],"version-history":[{"count":42,"href":"https:\/\/kinekls.com\/index.php?rest_route=\/wp\/v2\/pages\/134\/revisions"}],"predecessor-version":[{"id":1452,"href":"https:\/\/kinekls.com\/index.php?rest_route=\/wp\/v2\/pages\/134\/revisions\/1452"}],"wp:attachment":[{"href":"https:\/\/kinekls.com\/index.php?rest_route=%2Fwp%2Fv2%2Fmedia&parent=134"}],"curies":[{"name":"wp","href":"https:\/\/api.w.org\/{rel}","templated":true}]}}