{"id":129,"date":"2018-01-29T07:57:37","date_gmt":"2018-01-29T07:57:37","guid":{"rendered":"http:\/\/maco.themesawesome.com\/?page_id=129"},"modified":"2025-09-14T11:02:06","modified_gmt":"2025-09-14T11:02:06","slug":"classes","status":"publish","type":"page","link":"https:\/\/kinekls.com\/?page_id=129","title":{"rendered":"Classes"},"content":{"rendered":"\t\t<div data-elementor-type=\"wp-post\" data-elementor-id=\"129\" class=\"elementor elementor-129\">\n\t\t\t\t\t\t<section class=\"elementor-section elementor-top-section elementor-element elementor-element-83ac5ba elementor-section-boxed elementor-section-height-default elementor-section-height-default\" data-id=\"83ac5ba\" data-element_type=\"section\" data-settings=\"{&quot;background_background&quot;:&quot;classic&quot;,&quot;shape_divider_bottom&quot;:&quot;tilt&quot;}\">\n\t\t\t\t\t\t\t<div class=\"elementor-background-overlay\"><\/div>\n\t\t\t\t\t\t<div class=\"elementor-shape elementor-shape-bottom\" aria-hidden=\"true\" data-negative=\"false\">\n\t\t\t<svg xmlns=\"http:\/\/www.w3.org\/2000\/svg\" viewBox=\"0 0 1000 100\" preserveAspectRatio=\"none\">\n\t<path class=\"elementor-shape-fill\" d=\"M0,6V0h1000v100L0,6z\"\/>\n<\/svg>\t\t<\/div>\n\t\t\t\t\t<div class=\"elementor-container elementor-column-gap-no\">\n\t\t\t\t\t<div class=\"elementor-column elementor-col-100 elementor-top-column elementor-element elementor-element-843504c\" data-id=\"843504c\" data-element_type=\"column\">\n\t\t\t<div class=\"elementor-widget-wrap elementor-element-populated\">\n\t\t\t\t\t\t<div class=\"elementor-element elementor-element-41e2e72 the-title-left elementor-widget elementor-widget-maco-head-title\" data-id=\"41e2e72\" data-element_type=\"widget\" data-widget_type=\"maco-head-title.default\">\n\t\t\t\t<div class=\"elementor-widget-container\">\n\t\t\t\t\t<div class=\"head-title head-title-8 text-left clearfix\">\r\n\t<h2 class=\"the-title elementor-inline-editing\" >\r\n\t\tPathologies &<span class=\"title-end\"> specialit\u00e9s<\/span>\t<\/h2>\r\n\t<\/div>\r\n\t\t\t\t\t\t<\/div>\n\t\t\t\t<\/div>\n\t\t\t\t<section class=\"elementor-section elementor-inner-section elementor-element elementor-element-9ec93f4 elementor-section-boxed elementor-section-height-default elementor-section-height-default\" data-id=\"9ec93f4\" data-element_type=\"section\">\n\t\t\t\t\t\t<div class=\"elementor-container elementor-column-gap-no\">\n\t\t\t\t\t<div class=\"elementor-column elementor-col-50 elementor-inner-column elementor-element elementor-element-cf230b9\" data-id=\"cf230b9\" data-element_type=\"column\">\n\t\t\t<div class=\"elementor-widget-wrap elementor-element-populated\">\n\t\t\t\t\t\t<div class=\"elementor-element elementor-element-795d6be elementor-widget elementor-widget-maco-text\" data-id=\"795d6be\" data-element_type=\"widget\" data-widget_type=\"maco-text.default\">\n\t\t\t\t<div class=\"elementor-widget-container\">\n\t\t\t\t\t<div class=\"maco-text clearfix\">\r\n<p>Notre cabinet est sp\u00e9cialis\u00e9 dans la prise en charge des troubles musculo-squelettiques, avec une expertise particuli\u00e8re en kin\u00e9sith\u00e9rapie du sport. Nous accompagnons aussi bien les sportif.ve.s amateurs que professionnels, les personnes souffrant de douleurs articulaires ou post-chirurgicales, ainsi que les femmes dans les diff\u00e9rentes \u00e9tapes de leur vie (p\u00e9rinatalit\u00e9, post-partum, menopause, troubles pelviens, etc.). Vous trouverez ci-dessous un aper\u00e7u des principales pathologies que nous traitons r\u00e9guli\u00e8rement.<\/p><\/div>\t\t\t\t<\/div>\n\t\t\t\t<\/div>\n\t\t\t\t\t<\/div>\n\t\t<\/div>\n\t\t\t\t<div class=\"elementor-column elementor-col-50 elementor-inner-column elementor-element elementor-element-6e93648\" data-id=\"6e93648\" data-element_type=\"column\">\n\t\t\t<div class=\"elementor-widget-wrap\">\n\t\t\t\t\t\t\t<\/div>\n\t\t<\/div>\n\t\t\t\t\t<\/div>\n\t\t<\/section>\n\t\t\t\t\t<\/div>\n\t\t<\/div>\n\t\t\t\t\t<\/div>\n\t\t<\/section>\n\t\t<div class=\"elementor-element elementor-element-858fc7c e-flex e-con-boxed e-con e-parent\" data-id=\"858fc7c\" data-element_type=\"container\">\n\t\t\t\t\t<div class=\"e-con-inner\">\n\t\t<div class=\"elementor-element elementor-element-38b65a5 e-grid e-con-full e-con e-child\" data-id=\"38b65a5\" data-element_type=\"container\">\n\t\t\t\t<div class=\"elementor-element elementor-element-f558dff elementor-widget elementor-widget-text-editor\" data-id=\"f558dff\" data-element_type=\"widget\" data-widget_type=\"text-editor.default\">\n\t\t\t\t\t\t\t\t\t<p><img decoding=\"async\" class=\"alignnone wp-image-1238 \" src=\"https:\/\/kinekls.com\/wp-content\/uploads\/2025\/07\/icon-preventivo.png\" alt=\"\" width=\"103\" height=\"103\" srcset=\"https:\/\/kinekls.com\/wp-content\/uploads\/2025\/07\/icon-preventivo.png 300w, https:\/\/kinekls.com\/wp-content\/uploads\/2025\/07\/icon-preventivo-150x150.png 150w, https:\/\/kinekls.com\/wp-content\/uploads\/2025\/07\/icon-preventivo-100x100.png 100w, https:\/\/kinekls.com\/wp-content\/uploads\/2025\/07\/icon-preventivo-250x250.png 250w\" sizes=\"(max-width: 103px) 100vw, 103px\" \/><\/p><h3 class=\"elementor-image-box-title\">Pr\u00e9vention<\/h3><ul><li><span style=\"color: #000000;\">\u00c9valuation des d\u00e9s\u00e9quilibres ou limitations articulaires\/musculaires<\/span><\/li><li>Correction des gestes techniques<\/li><li>Pr\u00e9paration physique individualis\u00e9e<\/li><li>Conseils d\u2019ergonomie (travail de bureau, gestes r\u00e9p\u00e9titifs\u2026)<\/li><li>Suivi post-r\u00e9\u00e9ducation<\/li><li>Exercices de maintien et d\u2019auto-r\u00e9\u00e9ducation<\/li><li data-start=\"933\" data-end=\"969\">Renforcement musculaire progressif<\/li><li data-start=\"972\" data-end=\"1013\">Travail proprioceptif et de l\u2019\u00e9quilibre<\/li><li data-start=\"1016\" data-end=\"1041\">Reprogrammation motrice<\/li><li data-start=\"1044\" data-end=\"1070\">Pr\u00e9vention des r\u00e9cidives<\/li><\/ul>\t\t\t\t\t\t\t\t<\/div>\n\t\t\t\t<div class=\"elementor-element elementor-element-ff5cb66 elementor-widget elementor-widget-text-editor\" data-id=\"ff5cb66\" data-element_type=\"widget\" data-widget_type=\"text-editor.default\">\n\t\t\t\t\t\t\t\t\t<p><img decoding=\"async\" class=\"alignnone wp-image-1243\" src=\"https:\/\/kinekls.com\/wp-content\/uploads\/2025\/07\/icon-pathologie-1.png\" alt=\"\" width=\"103\" height=\"103\" srcset=\"https:\/\/kinekls.com\/wp-content\/uploads\/2025\/07\/icon-pathologie-1.png 300w, https:\/\/kinekls.com\/wp-content\/uploads\/2025\/07\/icon-pathologie-1-150x150.png 150w, https:\/\/kinekls.com\/wp-content\/uploads\/2025\/07\/icon-pathologie-1-100x100.png 100w, https:\/\/kinekls.com\/wp-content\/uploads\/2025\/07\/icon-pathologie-1-250x250.png 250w\" sizes=\"(max-width: 103px) 100vw, 103px\" \/><\/p><div class=\"elementor-image-box-content\"><h3 class=\"elementor-image-box-title\">Pathologie du sport<\/h3><\/div><ul><li>Genou : rupture du ligament crois\u00e9 (LCA), m\u00e9nisectomie, tendinopathie, syndrome femoro-patellaire, syndrome de l&#8217;essuie glace<\/li><li>Cheville\/pied : entorse de cheville, tendinopathie, aponevrosite plantaire<\/li><li>L\u00e9sion myo-apon\u00e9vrotique<\/li><li>Epaule : conflit sous-acromial, tendinoapthie, luxation<\/li><li>Coude : tennis elbow, golf elbow<\/li><li>Rachis : lombalgie, dorsalgie, cervicalgie, hernie discale<\/li><li>Bassin\/hanche : pubalgie, tendinopathie, conflit<\/li><\/ul>\t\t\t\t\t\t\t\t<\/div>\n\t\t\t\t<div class=\"elementor-element elementor-element-20c9738 elementor-widget elementor-widget-text-editor\" data-id=\"20c9738\" data-element_type=\"widget\" data-widget_type=\"text-editor.default\">\n\t\t\t\t\t\t\t\t\t<p><img decoding=\"async\" class=\"alignnone wp-image-1242\" src=\"https:\/\/kinekls.com\/wp-content\/uploads\/2025\/07\/icon-osteo-1.png\" alt=\"\" width=\"103\" height=\"103\" srcset=\"https:\/\/kinekls.com\/wp-content\/uploads\/2025\/07\/icon-osteo-1.png 300w, https:\/\/kinekls.com\/wp-content\/uploads\/2025\/07\/icon-osteo-1-150x150.png 150w, https:\/\/kinekls.com\/wp-content\/uploads\/2025\/07\/icon-osteo-1-100x100.png 100w, https:\/\/kinekls.com\/wp-content\/uploads\/2025\/07\/icon-osteo-1-250x250.png 250w\" sizes=\"(max-width: 103px) 100vw, 103px\" \/><\/p><h3 class=\"elementor-image-box-title\">T<strong>raumatologie<\/strong><\/h3><ul><li data-start=\"475\" data-end=\"513\">Entorses (cheville, genou, poignet\u2026)<\/li><li data-start=\"516\" data-end=\"562\">Fractures (membres sup\u00e9rieurs ou inf\u00e9rieurs)<\/li><li data-start=\"565\" data-end=\"592\">Luxations et subluxations<\/li><li data-start=\"595\" data-end=\"620\">Contusions et h\u00e9matomes<\/li><li data-start=\"623\" data-end=\"684\">Traumatismes musculaires (d\u00e9chirures, \u00e9longations)<\/li><li>Proth\u00e8se hanche, genou, \u00e9paule<\/li><li>R\u00e9paration tendineuse<\/li><li data-start=\"686\" data-end=\"723\">R\u00e9\u00e9ducation post-chirurgicale<strong data-start=\"686\" data-end=\"721\">: <\/strong>Ligamentoplastie<\/li><li data-start=\"686\" data-end=\"723\">Chirurgie des tendons ou des m\u00e9nisques<\/li><li data-start=\"686\" data-end=\"723\">Fractures op\u00e9r\u00e9es (avec ost\u00e9osynth\u00e8se)<\/li><\/ul>\t\t\t\t\t\t\t\t<\/div>\n\t\t\t\t<div class=\"elementor-element elementor-element-3746056 elementor-widget elementor-widget-text-editor\" data-id=\"3746056\" data-element_type=\"widget\" data-widget_type=\"text-editor.default\">\n\t\t\t\t\t\t\t\t\t<p><img loading=\"lazy\" decoding=\"async\" class=\"alignnone wp-image-1241\" src=\"https:\/\/kinekls.com\/wp-content\/uploads\/2025\/07\/icon-health-1.png\" alt=\"\" width=\"103\" height=\"103\" srcset=\"https:\/\/kinekls.com\/wp-content\/uploads\/2025\/07\/icon-health-1.png 300w, https:\/\/kinekls.com\/wp-content\/uploads\/2025\/07\/icon-health-1-150x150.png 150w, https:\/\/kinekls.com\/wp-content\/uploads\/2025\/07\/icon-health-1-100x100.png 100w, https:\/\/kinekls.com\/wp-content\/uploads\/2025\/07\/icon-health-1-250x250.png 250w\" sizes=\"(max-width: 103px) 100vw, 103px\" \/><\/p><div class=\"elementor-image-box-content\"><h3 class=\"elementor-image-box-title\">Bien-\u00eatre sant\u00e9 et esth\u00e9tique<\/h3><\/div><ul><li data-start=\"594\" data-end=\"636\">Protocole de perte de poids personnalis\u00e9<\/li><li>Endermologie (LPG)<\/li><li data-start=\"639\" data-end=\"704\">Traitement de la cellulite (techniques manuelles et m\u00e9caniques)<\/li><li>Travail des cicatrices<\/li><li data-start=\"754\" data-end=\"782\">Soins anti-r\u00e9tention d\u2019eau (drainage lymphatique)<\/li><li data-start=\"785\" data-end=\"820\">Massage th\u00e9rapeutique et relaxant<\/li><li data-start=\"912\" data-end=\"948\">Conseils hygi\u00e8ne de vie et posture<\/li><li data-start=\"951\" data-end=\"1012\">Suivi global bien-\u00eatre (sommeil, stress, douleurs chroniques)<\/li><\/ul>\t\t\t\t\t\t\t\t<\/div>\n\t\t\t\t<div class=\"elementor-element elementor-element-6d576dc elementor-widget elementor-widget-text-editor\" data-id=\"6d576dc\" data-element_type=\"widget\" data-widget_type=\"text-editor.default\">\n\t\t\t\t\t\t\t\t\t<p><img loading=\"lazy\" decoding=\"async\" class=\"alignnone wp-image-1239\" src=\"https:\/\/kinekls.com\/wp-content\/uploads\/2025\/07\/icon-reatletizacion.png\" alt=\"\" width=\"103\" height=\"103\" srcset=\"https:\/\/kinekls.com\/wp-content\/uploads\/2025\/07\/icon-reatletizacion.png 300w, https:\/\/kinekls.com\/wp-content\/uploads\/2025\/07\/icon-reatletizacion-150x150.png 150w, https:\/\/kinekls.com\/wp-content\/uploads\/2025\/07\/icon-reatletizacion-100x100.png 100w, https:\/\/kinekls.com\/wp-content\/uploads\/2025\/07\/icon-reatletizacion-250x250.png 250w\" sizes=\"(max-width: 103px) 100vw, 103px\" \/><\/p><h3 class=\"elementor-image-box-title\">R\u00e9athl\u00e9tisation<\/h3><ul><li>Pr\u00e9paration \u00e0 l\u2019effort<\/li><li>Pr\u00e9paration physique g\u00e9n\u00e9rale (pr\u00e9 sport d&#8217;hiver ou pr\u00e9 saison)<\/li><li>Retour terrain<\/li><li>Optimisation des performances (gain de force, de volume musculaire, de puissance, de rapidit\u00e9 et de souplesse)<\/li><li>Accompagnement \u00e0 la reprise du sport ou des activit\u00e9s du quotidien<\/li><li>Suivi sportif<\/li><li>R\u00e9cup\u00e9ration sportive<\/li><\/ul>\t\t\t\t\t\t\t\t<\/div>\n\t\t\t\t<div class=\"elementor-element elementor-element-f68cbcd elementor-widget elementor-widget-text-editor\" data-id=\"f68cbcd\" data-element_type=\"widget\" data-widget_type=\"text-editor.default\">\n\t\t\t\t\t\t\t\t\t<p><img loading=\"lazy\" decoding=\"async\" class=\"wp-image-1246 alignnone\" src=\"https:\/\/kinekls.com\/wp-content\/uploads\/2025\/07\/icon-woman-1.png\" alt=\"\" width=\"103\" height=\"103\" srcset=\"https:\/\/kinekls.com\/wp-content\/uploads\/2025\/07\/icon-woman-1.png 300w, https:\/\/kinekls.com\/wp-content\/uploads\/2025\/07\/icon-woman-1-150x150.png 150w, https:\/\/kinekls.com\/wp-content\/uploads\/2025\/07\/icon-woman-1-100x100.png 100w, https:\/\/kinekls.com\/wp-content\/uploads\/2025\/07\/icon-woman-1-250x250.png 250w\" sizes=\"(max-width: 103px) 100vw, 103px\" \/><\/p><div class=\"elementor-image-box-content\"><h3 class=\"elementor-image-box-title\">Pathologie de la femme<\/h3><\/div><ul><li>R\u00e9\u00e9ducation p\u00e9rin\u00e9ale, abdominale pr\u00e9 et post partum<\/li><li>Cicatrice post cancer du sein ou c\u00e9sarienne<\/li><li>Troubles de la sph\u00e8re pelvienne : fuite urinaire, vaginisme, douleurs aux rapports sexuels etc&#8230;<\/li><li>Reprise du sport post grossesse<\/li><li>Troubles circulatoires (jambes lourdes, oed\u00e8mes&#8230;)<\/li><li>Diastasis des grands droits<\/li><\/ul>\t\t\t\t\t\t\t\t<\/div>\n\t\t\t\t<\/div>\n\t\t\t\t\t<\/div>\n\t\t\t\t<\/div>\n\t\t\t\t<section class=\"elementor-section elementor-top-section elementor-element elementor-element-238086f elementor-section-boxed elementor-section-height-default elementor-section-height-default\" data-id=\"238086f\" data-element_type=\"section\" data-settings=\"{&quot;background_background&quot;:&quot;classic&quot;,&quot;shape_divider_top&quot;:&quot;tilt&quot;}\">\n\t\t\t\t\t\t\t<div class=\"elementor-background-overlay\"><\/div>\n\t\t\t\t\t\t<div class=\"elementor-shape elementor-shape-top\" aria-hidden=\"true\" data-negative=\"false\">\n\t\t\t<svg xmlns=\"http:\/\/www.w3.org\/2000\/svg\" viewBox=\"0 0 1000 100\" preserveAspectRatio=\"none\">\n\t<path class=\"elementor-shape-fill\" d=\"M0,6V0h1000v100L0,6z\"\/>\n<\/svg>\t\t<\/div>\n\t\t\t\t\t<div class=\"elementor-container elementor-column-gap-no\">\n\t\t\t\t\t<div class=\"elementor-column elementor-col-100 elementor-top-column elementor-element elementor-element-7305d95\" data-id=\"7305d95\" data-element_type=\"column\">\n\t\t\t<div class=\"elementor-widget-wrap elementor-element-populated\">\n\t\t\t\t\t\t<div class=\"elementor-element elementor-element-7a877db the-title-center elementor-widget elementor-widget-maco-head-title\" data-id=\"7a877db\" data-element_type=\"widget\" data-widget_type=\"maco-head-title.default\">\n\t\t\t\t<div class=\"elementor-widget-container\">\n\t\t\t\t\t<div class=\"head-title head-title-2 text-center clearfix\">\r\n\t<h2 class=\"the-title elementor-inline-editing\" >\r\n\t\t\t\tLancez votre suivi personnalis\u00e9\t<\/h2>\r\n<\/div>\r\n\t\t\t\t\t\t<\/div>\n\t\t\t\t<\/div>\n\t\t\t\t<div class=\"elementor-element elementor-element-ebb72e7 the-title-center elementor-widget elementor-widget-maco-head-title\" data-id=\"ebb72e7\" data-element_type=\"widget\" data-widget_type=\"maco-head-title.default\">\n\t\t\t\t<div class=\"elementor-widget-container\">\n\t\t\t\t\t<div class=\"head-title head-title-2 text-center clearfix\">\r\n\t<h2 class=\"the-title elementor-inline-editing\" >\r\n\t\t\t\t\u260e\ufe0f 09 53 05 81 95\t<\/h2>\r\n<\/div>\r\n\t\t\t\t\t\t<\/div>\n\t\t\t\t<\/div>\n\t\t\t\t<div class=\"elementor-element elementor-element-a68d49e elementor-align-center elementor-widget elementor-widget-button\" data-id=\"a68d49e\" data-element_type=\"widget\" data-widget_type=\"button.default\">\n\t\t\t\t\t\t\t\t\t\t<a class=\"elementor-button elementor-button-link elementor-size-md\" href=\"https:\/\/maco.themesawesome.com\/join-member\/\">\n\t\t\t\t\t\t<span class=\"elementor-button-content-wrapper\">\n\t\t\t\t\t\t\t\t\t<span class=\"elementor-button-text\">Reservez votre seance<\/span>\n\t\t\t\t\t<\/span>\n\t\t\t\t\t<\/a>\n\t\t\t\t\t\t\t\t<\/div>\n\t\t\t\t\t<\/div>\n\t\t<\/div>\n\t\t\t\t\t<\/div>\n\t\t<\/section>\n\t\t<div class=\"elementor-element elementor-element-4dd9239 e-flex e-con-boxed e-con e-parent\" data-id=\"4dd9239\" data-element_type=\"container\">\n\t\t\t\t\t<div class=\"e-con-inner\">\n\t\t\t\t\t<\/div>\n\t\t\t\t<\/div>\n\t\t\t\t<\/div>\n\t\t\n    <div class=\"xs_social_share_widget xs_share_url after_content \t\tmain_content  wslu-style-1 wslu-share-box-shaped wslu-fill-colored wslu-none wslu-share-horizontal wslu-theme-font-no wslu-main_content\">\n\n\t\t\n        <ul>\n\t\t\t        <\/ul>\n    <\/div> \n","protected":false},"excerpt":{"rendered":"<p>Pr\u00e9vention \u00c9valuation des d\u00e9s\u00e9quilibres ou limitations articulaires\/musculaires Correction des gestes techniques Pr\u00e9paration physique individualis\u00e9e Conseils d\u2019ergonomie (travail de bureau, gestes r\u00e9p\u00e9titifs\u2026) Suivi post-r\u00e9\u00e9ducation Exercices de maintien et d\u2019auto-r\u00e9\u00e9ducation Renforcement musculaire progressif Travail proprioceptif et de l\u2019\u00e9quilibre Reprogrammation motrice Pr\u00e9vention des&#8230;<\/p>\n","protected":false},"author":1,"featured_media":0,"parent":0,"menu_order":0,"comment_status":"closed","ping_status":"closed","template":"template\/page-builder-template.php","meta":{"_monsterinsights_skip_tracking":false,"_monsterinsights_sitenote_active":false,"_monsterinsights_sitenote_note":"","_monsterinsights_sitenote_category":0,"postBodyCss":"","postBodyMargin":[],"postBodyPadding":[],"postBodyBackground":{"backgroundType":"classic","gradient":""},"footnotes":""},"class_list":["post-129","page","type-page","status-publish","hentry"],"acf":[],"aioseo_notices":[],"_links":{"self":[{"href":"https:\/\/kinekls.com\/index.php?rest_route=\/wp\/v2\/pages\/129","targetHints":{"allow":["GET"]}}],"collection":[{"href":"https:\/\/kinekls.com\/index.php?rest_route=\/wp\/v2\/pages"}],"about":[{"href":"https:\/\/kinekls.com\/index.php?rest_route=\/wp\/v2\/types\/page"}],"author":[{"embeddable":true,"href":"https:\/\/kinekls.com\/index.php?rest_route=\/wp\/v2\/users\/1"}],"replies":[{"embeddable":true,"href":"https:\/\/kinekls.com\/index.php?rest_route=%2Fwp%2Fv2%2Fcomments&post=129"}],"version-history":[{"count":66,"href":"https:\/\/kinekls.com\/index.php?rest_route=\/wp\/v2\/pages\/129\/revisions"}],"predecessor-version":[{"id":1455,"href":"https:\/\/kinekls.com\/index.php?rest_route=\/wp\/v2\/pages\/129\/revisions\/1455"}],"wp:attachment":[{"href":"https:\/\/kinekls.com\/index.php?rest_route=%2Fwp%2Fv2%2Fmedia&parent=129"}],"curies":[{"name":"wp","href":"https:\/\/api.w.org\/{rel}","templated":true}]}}